{"id":2146,"date":"2015-10-04T23:22:38","date_gmt":"2015-10-04T20:22:38","guid":{"rendered":"https:\/\/www.gentledentalabroad.com\/?page_id=2146"},"modified":"2016-03-27T20:22:23","modified_gmt":"2016-03-27T17:22:23","slug":"kontakt-zahnklinik-kreta-griechenland","status":"publish","type":"page","link":"https:\/\/www.gentledentalabroad.com\/de\/kontakt-zahnklinik-kreta-griechenland\/","title":{"rendered":"Kommen Sie mit uns zusammen"},"content":{"rendered":"<h3>damit wir uns um eine bessere Gesundheit Ihrer Z\u00e4hne k\u00fcmmern k\u00f6nnen<\/h3>\n<p>Buchen Sie eine <strong>KOSTENFREIE Beratung<\/strong> unter <strong>+30 2897029541<\/strong> oder schicken Sie uns eine E-Mail<\/p>\n<p>Wir werden uns mit Ihnen \u00fcber Ihre M\u00f6glichkeiten unterhalten und Ihnen dabei helfen, die beste L\u00f6sung f\u00fcr Ihre Belange und Ihr Budget auszuw\u00e4hlen.<\/p>\n\n<div class=\"wpcf7 no-js\" id=\"wpcf7-f2145-o1\" lang=\"en-GB\" dir=\"ltr\" data-wpcf7-id=\"2145\">\n<div class=\"screen-reader-response\"><p role=\"status\" aria-live=\"polite\" aria-atomic=\"true\"><\/p> <ul><\/ul><\/div>\n<form action=\"\/de\/wp-json\/wp\/v2\/pages\/2146#wpcf7-f2145-o1\" method=\"post\" class=\"wpcf7-form init\" aria-label=\"Contact form\" novalidate=\"novalidate\" data-status=\"init\">\n<fieldset class=\"hidden-fields-container\"><input type=\"hidden\" name=\"_wpcf7\" value=\"2145\" \/><input type=\"hidden\" name=\"_wpcf7_version\" value=\"6.1.5\" \/><input type=\"hidden\" name=\"_wpcf7_locale\" value=\"en_GB\" \/><input type=\"hidden\" name=\"_wpcf7_unit_tag\" value=\"wpcf7-f2145-o1\" \/><input type=\"hidden\" name=\"_wpcf7_container_post\" value=\"0\" \/><input type=\"hidden\" name=\"_wpcf7_posted_data_hash\" value=\"\" \/>\n<\/fieldset>\n<h2>Fragen Sie nach Ihrer Behandlung\n<\/h2>\n<p><span class=\"wpcf7-form-control-wrap\" data-name=\"your-name\"><input size=\"40\" maxlength=\"400\" class=\"wpcf7-form-control wpcf7-text wpcf7-validates-as-required\" aria-required=\"true\" aria-invalid=\"false\" placeholder=\"Vor- und Nachname\" value=\"\" type=\"text\" name=\"your-name\" \/><\/span>\n<\/p>\n<p><span class=\"wpcf7-form-control-wrap\" data-name=\"your-email\"><input size=\"40\" maxlength=\"400\" class=\"wpcf7-form-control wpcf7-email wpcf7-validates-as-required wpcf7-text wpcf7-validates-as-email\" aria-required=\"true\" aria-invalid=\"false\" placeholder=\"E-mail Adresse\" value=\"\" type=\"email\" name=\"your-email\" \/><\/span>\n<\/p>\n<p><span class=\"wpcf7-form-control-wrap\" data-name=\"tel-964\"><input size=\"40\" maxlength=\"15\" class=\"wpcf7-form-control wpcf7-tel wpcf7-validates-as-required wpcf7-text wpcf7-validates-as-tel\" aria-required=\"true\" aria-invalid=\"false\" placeholder=\"Tel. Nummer (+ Landesvorwahl)\" value=\"\" type=\"tel\" name=\"tel-964\" \/><\/span>\n<\/p>\n<p><span class=\"wpcf7-form-control-wrap\" data-name=\"your-message\"><textarea cols=\"40\" rows=\"10\" maxlength=\"2000\" class=\"wpcf7-form-control wpcf7-textarea wpcf7-validates-as-required\" aria-required=\"true\" aria-invalid=\"false\" placeholder=\"Ihre Frage\" name=\"your-message\"><\/textarea><\/span>\n<\/p>\n<p><input class=\"wpcf7-form-control wpcf7-submit has-spinner\" type=\"submit\" value=\"Kontakt\" \/>\n<\/p><p style=\"display: none !important;\" class=\"akismet-fields-container\" data-prefix=\"_wpcf7_ak_\"><label>&#916;<textarea name=\"_wpcf7_ak_hp_textarea\" cols=\"45\" rows=\"8\" maxlength=\"100\"><\/textarea><\/label><input type=\"hidden\" id=\"ak_js_1\" name=\"_wpcf7_ak_js\" value=\"27\"\/><script>document.getElementById( \"ak_js_1\" ).setAttribute( \"value\", ( new Date() ).getTime() );<\/script><\/p><div class=\"wpcf7-response-output\" aria-hidden=\"true\"><\/div>\n<\/form>\n<\/div>\n\n<p>&nbsp;<\/p>\n","protected":false},"excerpt":{"rendered":"<p>damit wir uns um eine bessere Gesundheit Ihrer Z\u00e4hne k\u00fcmmern k\u00f6nnen Buchen Sie eine KOSTENFREIE Beratung unter +30 2897029541 oder schicken Sie uns eine E-Mail Wir werden uns mit Ihnen \u00fcber Ihre M\u00f6glichkeiten unterhalten und Ihnen dabei helfen, die beste L\u00f6sung f\u00fcr Ihre Belange und Ihr Budget auszuw\u00e4hlen. &nbsp;<\/p>\n","protected":false},"author":2,"featured_media":0,"parent":0,"menu_order":0,"comment_status":"open","ping_status":"closed","template":"","meta":{"footnotes":""},"class_list":["post-2146","page","type-page","status-publish","hentry"],"_links":{"self":[{"href":"https:\/\/www.gentledentalabroad.com\/de\/wp-json\/wp\/v2\/pages\/2146","targetHints":{"allow":["GET"]}}],"collection":[{"href":"https:\/\/www.gentledentalabroad.com\/de\/wp-json\/wp\/v2\/pages"}],"about":[{"href":"https:\/\/www.gentledentalabroad.com\/de\/wp-json\/wp\/v2\/types\/page"}],"author":[{"embeddable":true,"href":"https:\/\/www.gentledentalabroad.com\/de\/wp-json\/wp\/v2\/users\/2"}],"replies":[{"embeddable":true,"href":"https:\/\/www.gentledentalabroad.com\/de\/wp-json\/wp\/v2\/comments?post=2146"}],"version-history":[{"count":0,"href":"https:\/\/www.gentledentalabroad.com\/de\/wp-json\/wp\/v2\/pages\/2146\/revisions"}],"wp:attachment":[{"href":"https:\/\/www.gentledentalabroad.com\/de\/wp-json\/wp\/v2\/media?parent=2146"}],"curies":[{"name":"wp","href":"https:\/\/api.w.org\/{rel}","templated":true}]}}