{"id":2151,"date":"2015-10-04T19:37:51","date_gmt":"2015-10-04T16:37:51","guid":{"rendered":"https:\/\/www.gentledentalabroad.com\/?page_id=2151"},"modified":"2019-02-05T11:53:43","modified_gmt":"2019-02-05T09:53:43","slug":"zahnarzt-chersonissos","status":"publish","type":"page","link":"https:\/\/www.gentledentalabroad.com\/de\/zahnarzt-chersonissos\/","title":{"rendered":"Anfahrt zur Zahnarztpraxis in Chersonissos auf Kreta"},"content":{"rendered":"<div class=\"rank-math-contact-info wpseo_map_compat show-map show-map-only\"><div class=\"rank-math-contact-section rank-math-contact-map\">\t\t<iframe src=\"\/\/maps.google.com\/maps?q=Eleftherias%20str%2070014%20Limin%20Hersonissou%2C%20Heraklion%20Greece%2070014%20GR&#038;z=15&#038;output=embed&#038;key=AIzaSyBbn7azV9rQmFyZVd8uNIga8bIoLiaVnSw\"><\/iframe>\n\t\t<\/div><\/div><div class=\"clear\"><\/div>\n<div class=\"clear\" style=\" height:50px;\" ><\/div>\n<div class=\"clear\"><\/div><div class=\"gdl-divider\"><div class=\"scroll-top\"><\/div><\/div>\n<div class=\"clear\" style=\" height:40px;\" ><\/div>\n<p>Unsere Zahnarztpraxis befindet sich in Chersonissos, unmittelbar neben der Feuerwehrwache und dem \u00f6ffentlichen Parkplatz.<\/p>\n<pre id=\"tw-target-text\" class=\"tw-data-text tw-ta tw-text-medium\" dir=\"ltr\" data-placeholder=\"\u039c\u03b5\u03c4\u03ac\u03c6\u03c1\u03b1\u03c3\u03b7\" data-fulltext=\"\"><span lang=\"de\" tabindex=\"0\">Sie liegt in der gleichen Stra\u00dfe wie das Postamt.<\/span><\/pre>\n<h6><strong>Mit dem Auto von Malia, Stalis, Elounda,Agios Nikolaos<\/strong>:<\/h6>\n<p>Fahren Sie die K\u00fcstenstra\u00dfe Eleftherios Venizelos nach Westen in Richtung des Hafens von Chersonissos. Fahren Sie auf der Hauptstra\u00dfe von Chersonissos\u00a0 und biegen Sie an der Hauptkirche Evangelistria von Chersonissos nach links ab. Parken Sie auf dem Parkplatz hinter unserer Praxis.<\/p>\n<h6><strong>Mit dem Auto von Heraklion<\/strong><strong>:<\/strong><\/h6>\n<p>Fahren Sie auf der Nationalstra\u00dfe Heraklion &#8211; Agios Nikolaos nach Osten in Richtung des Hafens von Chersonissos. Lassen Sie am Ortseingang von Chersonissos den gro\u00dfen SPAR-Supermarkt und die Tankstelle hinter sich und biegen Sie dann nach rechts in die Eleftherias Stra\u00dfe. An der Stra\u00dfenecke befindet sich das Souvlaki-Lokal \u201ePita Point\u201c. Unsere Zahnarztpraxis liegt direkt vor der Feuerwehrwache.<\/p>\n<h6><strong>Mit dem Auto von Koutouloufari<\/strong>:<\/h6>\n<p>Fahren Sie den Berg hinunter Richtung Chersonissos. Biegen Sie kurz vor dem Ort nach links in Richtung Sporthalle ab. Nehmen Sie dann am Kreisverkehr die erste Ausfahrt. Unsere Zahnartztraxis ist gleich um die Ecke, neben der Feuerwehrwache.<\/p>\n<p><strong>Mit dem Bus (von Stalis,Malia, Agios Nikolaos, Gouves, Heraklion)<\/strong><\/p>\n<p>Busverbindungen (alle 15-30 Minuten) zwischen Heraklion und Chersonissos, Stalis, Malia, Gouves und Agios Nikolaos. Steigen Sie an dem gro\u00dfen Supermarkt \u201c\u03a7\u03b1\u03bb\u03ba\u03b9\u03b1\u03b4\u03b1\u03ba\u03b7\u03c2\u201d (Spar)\u00a0 aus und gehen Sie in Richtung Ortszentrum. Gehen Sie an der Tankstelle vorbei und biegen Sie an dem Souvlaki-Lokal Pita Point nach rechts in die Eleftherias Stra\u00dfe ab. Unsere Praxis liegt ein bisschen weiter in dieser Stra\u00dfe. Sie finden den Zeitplan hier:<\/p>\n<p><a href=\"https:\/\/www.ktelherlas.gr\/page.php?cat_id=1&amp;id=39&amp;lang=en\" target=\"_blank\" rel=\"noopener\">https:\/\/www.ktelherlas.gr\/page.php?cat_id=1&amp;id=39&amp;lang=en<\/a><\/p>\n","protected":false},"excerpt":{"rendered":"<p>Unsere Zahnarztpraxis befindet sich in Chersonissos, unmittelbar neben der Feuerwehrwache und dem \u00f6ffentlichen Parkplatz. Sie liegt in der gleichen Stra\u00dfe wie das Postamt. Mit dem Auto von Malia, Stalis, Elounda,Agios Nikolaos: Fahren Sie die K\u00fcstenstra\u00dfe Eleftherios Venizelos nach Westen in Richtung des Hafens von Chersonissos. Fahren Sie auf der Hauptstra\u00dfe von Chersonissos\u00a0 und biegen Sie an der Hauptkirche Evangelistria von Chersonissos nach links ab. Parken Sie auf dem Parkplatz hinter unserer Praxis. Mit dem Auto von Heraklion: Fahren Sie auf der Nationalstra\u00dfe Heraklion &#8211; Agios Nikolaos nach Osten in Richtung des Hafens von Chersonissos. Lassen Sie am Ortseingang von Chersonissos den gro\u00dfen SPAR-Supermarkt und die Tankstelle hinter sich und biegen Sie dann nach rechts in die Eleftherias Stra\u00dfe. An der Stra\u00dfenecke befindet sich das Souvlaki-Lokal \u201ePita Point\u201c. Unsere Zahnarztpraxis liegt direkt vor der Feuerwehrwache. Mit dem Auto von Koutouloufari: Fahren Sie den Berg hinunter Richtung Chersonissos. Biegen Sie kurz vor dem Ort nach links in Richtung Sporthalle ab. Nehmen Sie dann am Kreisverkehr die erste Ausfahrt. Unsere Zahnartztraxis ist gleich um die Ecke, neben der Feuerwehrwache. Mit dem Bus (von Stalis,Malia, Agios Nikolaos, Gouves, Heraklion) Busverbindungen (alle 15-30 Minuten) zwischen Heraklion und Chersonissos, Stalis, Malia, Gouves und Agios Nikolaos. Steigen Sie an dem gro\u00dfen Supermarkt \u201c\u03a7\u03b1\u03bb\u03ba\u03b9\u03b1\u03b4\u03b1\u03ba\u03b7\u03c2\u201d (Spar)\u00a0 aus und gehen Sie in Richtung Ortszentrum. Gehen Sie an der Tankstelle vorbei und biegen Sie an dem Souvlaki-Lokal Pita Point nach rechts in die Eleftherias Stra\u00dfe ab. Unsere Praxis liegt ein bisschen weiter in dieser Stra\u00dfe. Sie finden den Zeitplan hier: https:\/\/www.ktelherlas.gr\/page.php?cat_id=1&amp;id=39&amp;lang=en<\/p>\n","protected":false},"author":2,"featured_media":0,"parent":0,"menu_order":0,"comment_status":"open","ping_status":"closed","template":"","meta":{"footnotes":""},"class_list":["post-2151","page","type-page","status-publish","hentry"],"_links":{"self":[{"href":"https:\/\/www.gentledentalabroad.com\/de\/wp-json\/wp\/v2\/pages\/2151","targetHints":{"allow":["GET"]}}],"collection":[{"href":"https:\/\/www.gentledentalabroad.com\/de\/wp-json\/wp\/v2\/pages"}],"about":[{"href":"https:\/\/www.gentledentalabroad.com\/de\/wp-json\/wp\/v2\/types\/page"}],"author":[{"embeddable":true,"href":"https:\/\/www.gentledentalabroad.com\/de\/wp-json\/wp\/v2\/users\/2"}],"replies":[{"embeddable":true,"href":"https:\/\/www.gentledentalabroad.com\/de\/wp-json\/wp\/v2\/comments?post=2151"}],"version-history":[{"count":0,"href":"https:\/\/www.gentledentalabroad.com\/de\/wp-json\/wp\/v2\/pages\/2151\/revisions"}],"wp:attachment":[{"href":"https:\/\/www.gentledentalabroad.com\/de\/wp-json\/wp\/v2\/media?parent=2151"}],"curies":[{"name":"wp","href":"https:\/\/api.w.org\/{rel}","templated":true}]}}