{"id":2494,"date":"2016-03-27T21:56:29","date_gmt":"2016-03-27T18:56:29","guid":{"rendered":"https:\/\/www.gentledentalabroad.com\/de\/?page_id=2494"},"modified":"2016-03-27T21:56:29","modified_gmt":"2016-03-27T18:56:29","slug":"zahnarzt-griechenland-kreta","status":"publish","type":"page","link":"https:\/\/www.gentledentalabroad.com\/de\/zahnarzt-griechenland-kreta\/","title":{"rendered":"Unsere Zahn\u00e4rzte"},"content":{"rendered":"<h2>Dr George Antonopoulos, DDs<\/h2>\n<p><strong><img loading=\"lazy\" decoding=\"async\" class=\"size-medium wp-image-2479 alignright\" src=\"https:\/\/www.gentledentalabroad.com\/wp-content\/uploads\/2016\/03\/ZahnarztGriechenland-248x300.jpg\" alt=\"Zahnreisen, Zahnimplantate im Ausland, Zahnartzt Griechenland,Zahnbehandlung im Ausland,Hochwertig Zahnersatz,Zahntourismus, Zahnarzt Kreta\" width=\"248\" height=\"300\" \/>Giorgos<\/strong>\u00a0ist der leitende Zahnzahnarzt und Inhaber der Zahnarztpraxis. Nach seinem ersten Abschluss im Bereich der Prothetik studierte er im Anschluss Zahnheilkunde an der Universit\u00e4t von Athen. Er schloss sein Studium im Jahr 2000 ab und ist seitdem als Zahnarzt t\u00e4tig.\u00a0Er ist Mitglied der Griechischen Zahnarztvereinigung von Attika und beim britischen General Dental Council als Mitglied registriert.<\/p>\n<p>Mit seiner f\u00fcnfzehnj\u00e4hrigen Erfahrung und seiner kontinuierlichen Weiterbildung im Bereich der neuesten Technologien und Techniken, sowohl in Griechenland als auch im Ausland, befinden Sie sich bei ihm in sicheren H\u00e4nden. Seine f\u00fcrsorgliche und sanfte Art l\u00e4sst selbst die nerv\u00f6sesten Patienten entspannen, w\u00e4hrend seine akribische Arbeitsweise Ihnen ein strahlendes und selbstbewusstes L\u00e4cheln zaubert. Zus\u00e4tzlich zur allgemeinen Zahnmedizin gilt sein Interesse insbesondere der kosmetischen Zahnbehandlung und der Prothetik. Seine Freizeit verbringt er mit seiner Frau und seinen 3 T\u00f6chtern. Desweiteren h\u00f6rt er gern Musik oder widmet er sich dem Aufsp\u00fcren neuer Sch\u00e4tze f\u00fcr seine umfangreiche Plattensammlung.<\/p>\n<div style=\"width: 0; height: 0; visibility: hidden; opacity: 0; position: absolute;\"><object id=\"kpm_plugin\" type=\"application\/x-KPMPlugin\"><\/object><\/div>\n","protected":false},"excerpt":{"rendered":"<p>Dr George Antonopoulos, DDs Giorgos\u00a0ist der leitende Zahnzahnarzt und Inhaber der Zahnarztpraxis. Nach seinem ersten Abschluss im Bereich der Prothetik studierte er im Anschluss Zahnheilkunde an der Universit\u00e4t von Athen. Er schloss sein Studium im Jahr 2000 ab und ist seitdem als Zahnarzt t\u00e4tig.\u00a0Er ist Mitglied der Griechischen Zahnarztvereinigung von Attika und beim britischen General Dental Council als Mitglied registriert. Mit seiner f\u00fcnfzehnj\u00e4hrigen Erfahrung und seiner kontinuierlichen Weiterbildung im Bereich der neuesten Technologien und Techniken, sowohl in Griechenland als auch im Ausland, befinden Sie sich bei ihm in sicheren H\u00e4nden. Seine f\u00fcrsorgliche und sanfte Art l\u00e4sst selbst die nerv\u00f6sesten Patienten entspannen, w\u00e4hrend seine akribische Arbeitsweise Ihnen ein strahlendes und selbstbewusstes L\u00e4cheln zaubert. Zus\u00e4tzlich zur allgemeinen Zahnmedizin gilt sein Interesse insbesondere der kosmetischen Zahnbehandlung und der Prothetik. Seine Freizeit verbringt er mit seiner Frau und seinen 3 T\u00f6chtern. Desweiteren h\u00f6rt er gern Musik oder widmet er sich dem Aufsp\u00fcren neuer Sch\u00e4tze f\u00fcr seine umfangreiche Plattensammlung.<\/p>\n","protected":false},"author":2,"featured_media":0,"parent":0,"menu_order":0,"comment_status":"open","ping_status":"closed","template":"","meta":{"footnotes":""},"class_list":["post-2494","page","type-page","status-publish","hentry"],"_links":{"self":[{"href":"https:\/\/www.gentledentalabroad.com\/de\/wp-json\/wp\/v2\/pages\/2494","targetHints":{"allow":["GET"]}}],"collection":[{"href":"https:\/\/www.gentledentalabroad.com\/de\/wp-json\/wp\/v2\/pages"}],"about":[{"href":"https:\/\/www.gentledentalabroad.com\/de\/wp-json\/wp\/v2\/types\/page"}],"author":[{"embeddable":true,"href":"https:\/\/www.gentledentalabroad.com\/de\/wp-json\/wp\/v2\/users\/2"}],"replies":[{"embeddable":true,"href":"https:\/\/www.gentledentalabroad.com\/de\/wp-json\/wp\/v2\/comments?post=2494"}],"version-history":[{"count":0,"href":"https:\/\/www.gentledentalabroad.com\/de\/wp-json\/wp\/v2\/pages\/2494\/revisions"}],"wp:attachment":[{"href":"https:\/\/www.gentledentalabroad.com\/de\/wp-json\/wp\/v2\/media?parent=2494"}],"curies":[{"name":"wp","href":"https:\/\/api.w.org\/{rel}","templated":true}]}}