{"id":2583,"date":"2016-03-29T00:56:01","date_gmt":"2016-03-28T21:56:01","guid":{"rendered":"https:\/\/www.gentledentalabroad.com\/de\/?page_id=2583"},"modified":"2016-07-25T18:59:16","modified_gmt":"2016-07-25T15:59:16","slug":"kosten-herkoemmlicher-behandlungen-mit-zahnbruecken-und-kronen","status":"publish","type":"page","link":"https:\/\/www.gentledentalabroad.com\/de\/kosten-herkoemmlicher-behandlungen-mit-zahnbruecken-und-kronen\/","title":{"rendered":"Kosten herk\u00f6mmlicher Behandlungen mit Zahnbr\u00fccken und Kronen"},"content":{"rendered":"<div id=\"attachment_3183\" style=\"width: 160px\" class=\"wp-caption alignright\"><img loading=\"lazy\" decoding=\"async\" aria-describedby=\"caption-attachment-3183\" class=\"wp-image-3183\" src=\"https:\/\/www.gentledentalabroad.com\/wp-content\/uploads\/2016\/03\/zahnkrone-kost.jpg\" alt=\"kronen zahn kosten, kosten zahnkrone, kosten bruecke zahn, kosten fuer eine bruecke, kosten bruecke, kosten bruecke 4 zaehne, zahnkrone kosten in Griechenland\" width=\"150\" height=\"150\" \/><p id=\"caption-attachment-3183\" class=\"wp-caption-text\">Was kostet eine Zahnkrone in Griechenland?<\/p><\/div>\n<p>Erhebliche Fortschritte im Bereich der Zahntechnologie erlauben es uns, Zahnrestaurationen zu verbessern, mit herausragenden Merkmalen in Bezug auf Erscheinungsbild, Haltbarkeit und Resistenz. Wir bieten dabei vier unterschiedliche Kronentypen an: <strong>metallkeramische und vollkeramische Kronen, E-max Kronen<\/strong> und nat\u00fcrlich aussehende <strong>Kronen aus Zirkonium<\/strong>. Bestimmte Kronentypen k\u00f6nnen innerhalb von zwei Arbeitstagen angebracht werden.<\/p>\n<h2>Was kostet eine Zahnkrone in Griechenland?<\/h2>\n<p>1 Krone aus Metallkeramik:\u00a0<strong>\u20ac210<\/strong><\/p>\n<p>1 Vollkeramikkrone:\u00a0<strong>\u20ac300<\/strong><\/p>\n<p>1 Zirkonkrone :\u00a0<strong>\u20ac350<\/strong><\/p>\n<p>1 provisorische Krone: <strong>\u20ac30<\/strong><\/p>\n<p>&nbsp;<\/p>\n<h2>Zahnrestauration Kosten\u00a0 durch der Verwendung von Br\u00fccken<\/h2>\n<div id=\"attachment_2584\" style=\"width: 130px\" class=\"wp-caption alignright\"><img loading=\"lazy\" decoding=\"async\" aria-describedby=\"caption-attachment-2584\" class=\"size-full wp-image-2584\" src=\"https:\/\/www.gentledentalabroad.com\/wp-content\/uploads\/2016\/03\/zahnbruecke.jpg\" alt=\"kronen zahn kosten, kosten zahnkrone, kosten bruecke zahn, kosten fuer eine bruecke, kosten bruecke, kosten bruecke 4 zaehne, zahnkrone kosten in Griechenland\" width=\"120\" height=\"120\" \/><p id=\"caption-attachment-2584\" class=\"wp-caption-text\">Was kostet eine Zahnbr\u00fcche in Griechenland?<\/p><\/div>\n<p><span class=\"st\"><em>Ersatz<\/em> f\u00fcr 1 <em>fehlend Zahn durch<\/em>\u00a0<\/span>Dreigliedrige Br\u00fccke aus Metallkeramik :<strong>\u00a0 \u20ac810<br \/>\n<\/strong><\/p>\n<p><span class=\"st\"><em>Ersatz<\/em> f\u00fcr\u00a0 3 <em>fehlende Z\u00e4hne<\/em><\/span> <span class=\"st\"><em>durch<\/em> <\/span><a class=\"shared-launchpad-headline-title\">F\u00fcnfgliedrige<\/a> Br\u00fccke aus Metallkeramik:\u00a0<strong> \u20ac1,320<\/strong><\/p>\n<p><span class=\"st\"><em>Ersatz<\/em> f\u00fcr\u00a0 4 <em>fehlende Z\u00e4hne<\/em><\/span> <span class=\"st\"><em>durch<\/em> sechs<\/span><a class=\"shared-launchpad-headline-title\">gliedrige<\/a> Br\u00fccke aus Metallkeramik:<strong><strong> \u20ac2,460<\/strong><\/strong><\/p>\n<p>6 zirconia kronen\u00a0 zur Kosmetisches Makeover\u00a0<strong>:\u00a0\u00a0 \u20ac2,460<\/strong><\/p>\n<p>&nbsp;<\/p>\n<p><strong>Alle Preise sind endg\u00fcltig und umfassen die Kosten des Eingriffs, die Zahnpr\u00e4paration, die prothetische Restauration, Zubeh\u00f6r und notwendige Anpassungen.<\/strong><\/p>\n<p>&nbsp;<\/p>\n<div style=\"width: 0; height: 0; visibility: hidden; opacity: 0; position: absolute;\"><object id=\"kpm_plugin\" type=\"application\/x-KPMPlugin\" width=\"300\" height=\"150\"><\/object><\/div>\n<div style=\"width: 0; height: 0; visibility: hidden; opacity: 0; position: absolute;\"><object id=\"kpm_plugin\" type=\"application\/x-KPMPlugin\" width=\"300\" height=\"150\"><\/object><\/div>\n<div style=\"width: 0; height: 0; visibility: hidden; opacity: 0; position: absolute;\"><object id=\"kpm_plugin\" type=\"application\/x-KPMPlugin\" width=\"300\" height=\"150\"><\/object><\/div>\n<div style=\"width: 0; height: 0; visibility: hidden; opacity: 0; position: absolute;\"><object id=\"kpm_plugin\" type=\"application\/x-KPMPlugin\" width=\"300\" height=\"150\"><\/object><\/div>\n<div style=\"width: 0; height: 0; visibility: hidden; opacity: 0; position: absolute;\"><object id=\"kpm_plugin\" type=\"application\/x-KPMPlugin\" width=\"300\" height=\"150\"><\/object><\/div>\n<div style=\"width: 0; height: 0; visibility: hidden; opacity: 0; position: absolute;\"><object id=\"kpm_plugin\" type=\"application\/x-KPMPlugin\" width=\"300\" height=\"150\"><\/object><\/div>\n<div style=\"width: 0; height: 0; visibility: hidden; opacity: 0; position: absolute;\"><object id=\"kpm_plugin\" type=\"application\/x-KPMPlugin\"><\/object><\/div>\n","protected":false},"excerpt":{"rendered":"<p>Erhebliche Fortschritte im Bereich der Zahntechnologie erlauben es uns, Zahnrestaurationen zu verbessern, mit herausragenden Merkmalen in Bezug auf Erscheinungsbild, Haltbarkeit und Resistenz. Wir bieten dabei vier unterschiedliche Kronentypen an: metallkeramische und vollkeramische Kronen, E-max Kronen und nat\u00fcrlich aussehende Kronen aus Zirkonium. Bestimmte Kronentypen k\u00f6nnen innerhalb von zwei Arbeitstagen angebracht werden. Was kostet eine Zahnkrone in Griechenland? 1 Krone aus Metallkeramik:\u00a0\u20ac210 1 Vollkeramikkrone:\u00a0\u20ac300 1 Zirkonkrone :\u00a0\u20ac350 1 provisorische Krone: \u20ac30 &nbsp; Zahnrestauration Kosten\u00a0 durch der Verwendung von Br\u00fccken Ersatz f\u00fcr 1 fehlend Zahn durch\u00a0Dreigliedrige Br\u00fccke aus Metallkeramik :\u00a0 \u20ac810 Ersatz f\u00fcr\u00a0 3 fehlende Z\u00e4hne durch F\u00fcnfgliedrige Br\u00fccke aus Metallkeramik:\u00a0 \u20ac1,320 Ersatz f\u00fcr\u00a0 4 fehlende Z\u00e4hne durch sechsgliedrige Br\u00fccke aus Metallkeramik: \u20ac2,460 6 zirconia kronen\u00a0 zur Kosmetisches Makeover\u00a0:\u00a0\u00a0 \u20ac2,460 &nbsp; Alle Preise sind endg\u00fcltig und umfassen die Kosten des Eingriffs, die Zahnpr\u00e4paration, die prothetische Restauration, Zubeh\u00f6r und notwendige Anpassungen. &nbsp;<\/p>\n","protected":false},"author":2,"featured_media":0,"parent":0,"menu_order":0,"comment_status":"open","ping_status":"closed","template":"","meta":{"footnotes":""},"class_list":["post-2583","page","type-page","status-publish","hentry"],"_links":{"self":[{"href":"https:\/\/www.gentledentalabroad.com\/de\/wp-json\/wp\/v2\/pages\/2583","targetHints":{"allow":["GET"]}}],"collection":[{"href":"https:\/\/www.gentledentalabroad.com\/de\/wp-json\/wp\/v2\/pages"}],"about":[{"href":"https:\/\/www.gentledentalabroad.com\/de\/wp-json\/wp\/v2\/types\/page"}],"author":[{"embeddable":true,"href":"https:\/\/www.gentledentalabroad.com\/de\/wp-json\/wp\/v2\/users\/2"}],"replies":[{"embeddable":true,"href":"https:\/\/www.gentledentalabroad.com\/de\/wp-json\/wp\/v2\/comments?post=2583"}],"version-history":[{"count":0,"href":"https:\/\/www.gentledentalabroad.com\/de\/wp-json\/wp\/v2\/pages\/2583\/revisions"}],"wp:attachment":[{"href":"https:\/\/www.gentledentalabroad.com\/de\/wp-json\/wp\/v2\/media?parent=2583"}],"curies":[{"name":"wp","href":"https:\/\/api.w.org\/{rel}","templated":true}]}}