{"id":795,"date":"2014-03-24T15:17:20","date_gmt":"2014-03-24T13:17:20","guid":{"rendered":"https:\/\/www.gentledentalabroad.com\/?page_id=795"},"modified":"2015-05-28T16:59:09","modified_gmt":"2015-05-28T13:59:09","slug":"garantie","status":"publish","type":"page","link":"https:\/\/www.gentledentalabroad.com\/nl\/tandheelkundige-kosten-buitenland-kreta\/garantie\/","title":{"rendered":"Garantie"},"content":{"rendered":"<p>Een compromis of tussenoplossing m.b.t. de verschillende behandelingen die we uitvoeren, dat is voor ons geen optie want wij zetten ons steeds volledig in om aan de verwachtingen van onze pati\u00ebnten te voldoen. We zijn geheel verantwoordelijk voor de kwaliteit van ons werk en dus ontvangen onze pati\u00ebnten voor de medische diensten uitgevoerd in onze kliniek, een garantie volgens de volgende regels:<\/p>\n<p><strong>Duur van de garantie:<\/strong><\/p>\n<ol>\n<li>Composietvullingen: 3 jaar. Voor een composietvulling in de buurt van de tandhals geldt een garantie van \u00e9\u00e9n jaar. Is er sprake van caviteiten (&#8220;gaatjes&#8221;) elders in het gebitselement (waar de zogenaamde steunzones ontbreken) dan bieden wij eerst een garantie van 12 maanden, terwijl na het vullen van ook deze resterende caviteiten, de waarborg wordt verlengd tot 3 jaar &#8211; met uitzondering van de vullingen in de nabijheid van de tandhals. In gevallen van bruxisme (tandenknarsen) wordt de duur van de garantie bepaald door de prosthodontist (cosmetische tandarts).<\/li>\n<li>Vaste restauraties met protheses zoals klassieke kronen en bruggen, kronen en bruggen voor implantaten, facings, inlay-vullingen, overlay-vullingen: 3 jaar.<\/li>\n<li>Acryl kunstgebit: 2 jaar.<\/li>\n<li>Kunstgebit met metalen frame (frameprothese): 3 jaar.<\/li>\n<li>Implantaten: 5-10 jaar, al naargelang van het type implantologie dat werd toegepast en van de conditie waarin de mondholte van de pati\u00ebnt zich bevindt (zoals dikte en type van het kaakbot, eventuele ziekten, mondhygi\u00ebne, roken)<\/li>\n<li>De knarsbitjes &#8220;occlusale splint&#8221; en &#8220;relaxatiesplint&#8221;: 1 jaar<\/li>\n<\/ol>\n<p><strong>Voorwaarden waaronder de garantie van kracht blijft:<\/strong><\/p>\n<ol>\n<li>Halfjaarlijks controlebezoek bij de tandarts voor een intraoraal onderzoek en voor een mondhygi\u00ebnische behandeling: professionele gebitsreiniging met behulp van puimsteen e.a. (tandsteen verwijderen, zandstralen, polijsten en fluorideren).<\/li>\n<li>Permanente mondhygi\u00ebne in overeenkomst met de richtlijnen van de tandarts of van de mondhygi\u00ebnist. Tijdens de procedure van professionele gebitsreiniging in de tandartsenpraktijk worden onze pati\u00ebnten bovendien ingelicht met betrekking tot bepaalde mythen van mondhygi\u00ebne.<\/li>\n<\/ol>\n<p><strong>Wat de garantie NIET omvat:<\/strong><\/p>\n<ol>\n<li>Endodontische behandeling (d.i. wortelkanaalbehandeling of zenuwbehandeling) als gevolg van het onvoorspelbare helingsproces waarbij weefselontsteking kan optreden rond de tandwortelpunt.<\/li>\n<li>Tijdelijke behandelingen zoals vullingen, facings, kronen, bruggen, voorlopige acryl kunstgebitten na tandextractie.<\/li>\n<li>Een behandeling zonder garantie of met beperkte garantie, waarvan de pati\u00ebnt op voorhand op de hoogte is gebracht en welke behandeling werd uitgevoerd op verzoek van de pati\u00ebnt.<\/li>\n<li>Behandeling van inflammatoire aandoeningen van de alveolus of tandkas (holte in het kaakbeen waarin de tand verworteld zit) na tandextractie.<\/li>\n<li>Behandeling van een tandmergontsteking die zich voordoet meteen na het vullen van een tand of na het plaatsen van een prothese. In dat geval draagt de pati\u00ebnt enkel de kosten van de zenuwbehandeling.<\/li>\n<\/ol>\n<p><strong>Schadegevallen die niet gedekt worden:<\/strong><\/p>\n<ol>\n<li>Mechanische schade aan natuurlijke of kunsttanden tijdens een zenuwbehandeling (schade opgelopen tussen twee bezoeken in).<\/li>\n<li>Traumatische letsels, bvb. als de prothese (kroon) ergens is tegen gestoten of er zich een ander ongelukkig voorval heeft voorgedaan.<\/li>\n<\/ol>\n","protected":false},"excerpt":{"rendered":"<p>Een compromis of tussenoplossing m.b.t. de verschillende behandelingen die we uitvoeren, dat is voor ons geen optie want wij zetten ons steeds volledig in om aan de verwachtingen van onze pati\u00ebnten te voldoen. We zijn geheel verantwoordelijk voor de kwaliteit van ons werk en dus ontvangen onze pati\u00ebnten voor de medische diensten uitgevoerd in onze kliniek, een garantie volgens de volgende regels: Duur van de garantie: Composietvullingen: 3 jaar. Voor een composietvulling in de buurt van de tandhals geldt een garantie van \u00e9\u00e9n jaar. Is er sprake van caviteiten (&#8220;gaatjes&#8221;) elders in het gebitselement (waar de zogenaamde steunzones ontbreken) dan bieden wij eerst een garantie van 12 maanden, terwijl na het vullen van ook deze resterende caviteiten, de waarborg wordt verlengd tot 3 jaar &#8211; met uitzondering van de vullingen in de nabijheid van de tandhals. In gevallen van bruxisme (tandenknarsen) wordt de duur van de garantie bepaald door de prosthodontist (cosmetische tandarts). Vaste restauraties met protheses zoals klassieke kronen en bruggen, kronen en bruggen voor implantaten, facings, inlay-vullingen, overlay-vullingen: 3 jaar. Acryl kunstgebit: 2 jaar. Kunstgebit met metalen frame (frameprothese): 3 jaar. Implantaten: 5-10 jaar, al naargelang van het type implantologie dat werd toegepast en van de conditie waarin de mondholte van de pati\u00ebnt zich bevindt (zoals dikte en type van het kaakbot, eventuele ziekten, mondhygi\u00ebne, roken) De knarsbitjes &#8220;occlusale splint&#8221; en &#8220;relaxatiesplint&#8221;: 1 jaar Voorwaarden waaronder de garantie van kracht blijft: Halfjaarlijks controlebezoek bij de tandarts voor een intraoraal onderzoek en voor een mondhygi\u00ebnische behandeling: professionele gebitsreiniging met behulp van puimsteen e.a. (tandsteen verwijderen, zandstralen, polijsten en fluorideren). Permanente mondhygi\u00ebne in overeenkomst met de richtlijnen van de tandarts of van de mondhygi\u00ebnist. Tijdens de procedure van professionele gebitsreiniging in de tandartsenpraktijk worden onze pati\u00ebnten bovendien ingelicht met betrekking tot bepaalde mythen van mondhygi\u00ebne. Wat de garantie NIET omvat: Endodontische behandeling (d.i. wortelkanaalbehandeling of zenuwbehandeling) als gevolg van het onvoorspelbare helingsproces waarbij weefselontsteking kan optreden rond de tandwortelpunt. Tijdelijke behandelingen zoals vullingen, facings, kronen, bruggen, voorlopige acryl kunstgebitten na tandextractie. Een behandeling zonder garantie of met beperkte garantie, waarvan de pati\u00ebnt op voorhand op de hoogte is gebracht en welke behandeling werd uitgevoerd op verzoek van de pati\u00ebnt. Behandeling van inflammatoire aandoeningen van de alveolus of tandkas (holte in het kaakbeen waarin de tand verworteld zit) na tandextractie. Behandeling van een tandmergontsteking die zich voordoet meteen na het vullen van een tand of na het plaatsen van een prothese. In dat geval draagt de pati\u00ebnt enkel de kosten van de zenuwbehandeling. Schadegevallen die niet gedekt worden: Mechanische schade aan natuurlijke of kunsttanden tijdens een zenuwbehandeling (schade opgelopen tussen twee bezoeken in). Traumatische letsels, bvb. als de prothese (kroon) ergens is tegen gestoten of er zich een ander ongelukkig voorval heeft voorgedaan.<\/p>\n","protected":false},"author":2,"featured_media":0,"parent":935,"menu_order":2,"comment_status":"open","ping_status":"closed","template":"","meta":{"footnotes":""},"class_list":["post-795","page","type-page","status-publish","hentry"],"_links":{"self":[{"href":"https:\/\/www.gentledentalabroad.com\/nl\/wp-json\/wp\/v2\/pages\/795","targetHints":{"allow":["GET"]}}],"collection":[{"href":"https:\/\/www.gentledentalabroad.com\/nl\/wp-json\/wp\/v2\/pages"}],"about":[{"href":"https:\/\/www.gentledentalabroad.com\/nl\/wp-json\/wp\/v2\/types\/page"}],"author":[{"embeddable":true,"href":"https:\/\/www.gentledentalabroad.com\/nl\/wp-json\/wp\/v2\/users\/2"}],"replies":[{"embeddable":true,"href":"https:\/\/www.gentledentalabroad.com\/nl\/wp-json\/wp\/v2\/comments?post=795"}],"version-history":[{"count":0,"href":"https:\/\/www.gentledentalabroad.com\/nl\/wp-json\/wp\/v2\/pages\/795\/revisions"}],"up":[{"embeddable":true,"href":"https:\/\/www.gentledentalabroad.com\/nl\/wp-json\/wp\/v2\/pages\/935"}],"wp:attachment":[{"href":"https:\/\/www.gentledentalabroad.com\/nl\/wp-json\/wp\/v2\/media?parent=795"}],"curies":[{"name":"wp","href":"https:\/\/api.w.org\/{rel}","templated":true}]}}