{"id":909,"date":"2014-03-24T12:45:15","date_gmt":"2014-03-24T10:45:15","guid":{"rendered":"https:\/\/www.gentledentalabroad.com\/?page_id=909"},"modified":"2018-01-31T14:37:52","modified_gmt":"2018-01-31T12:37:52","slug":"tandklinik-buitenland-kreta","status":"publish","type":"page","link":"https:\/\/www.gentledentalabroad.com\/nl\/tandklinik-buitenland-kreta\/","title":{"rendered":"Onze Tandkliniek in Chersonissos"},"content":{"rendered":"<h2>Wij luisteren naar uw behoeften<\/h2>\n<p>In de Gentle Dental Clinic van Kreta werken wij niet alleen v\u00f3\u00f3r u, maar vooral m\u00e9t u. Ons team van vriendelijke professionals zal op uw wensen ingaan en uw eventuele angstgevoelens wegnemen. We zullen u alle relevante opties voorstellen en die rustig met u doornemen opdat u tot de beste oplossing komt naargelang van uw behoeften en budget.<\/p>\n<h2>Leun achterover en Relax<\/h2>\n<p>In de ontspannende en comfortabele ruimten van onze tandkliniek, zullen we alle stappen van de behandeling met u bespreken en in detail antwoorden op uw vragen. We doen ons uiterste best om eventuele terughoudendheid bij u te verlichten en u prettig te laten voelen. De gemiddelde tandartsafspraak in Nederland duurt circa 20 minuten, maar in onze kliniek gemiddeld 45 minuten omdat wij extra tijd besteden aan pati\u00ebntenzorg en aan uw gevoel van optimaal gemak en comfort.<\/p>\n<div class=\"clear\"><\/div><div class=\"gdl-divider\"><div class=\"scroll-top\">SCROLL_TEXT<\/div><\/div>\n<p>[optin-cat id=3520]<\/p>\n<div class=\"clear\"><\/div><div class=\"gdl-divider\"><div class=\"scroll-top\">SCROLL_TEXT<\/div><\/div>\n<h2>Hoge normen<\/h2>\n<p>Onze tandkliniek is ondergebracht in een nieuw gebouw met modern en stijlvol interieur. We gebruiken geavanceerde apparatuur en volgen alle technologische en wetenschappelijke ontwikkelingen in ons vakgebied op de voet. Onze kliniek wordt geleid volgens de praktijknormen als afgekondigd door de <a title=\"GDC\" href=\"https:\/\/www.gdc-uk.org\/Pages\/default.aspx\" target=\"_blank\" rel=\"noopener\">UK General Dental Council<\/a>, enerzijds en de<a title=\"British dental association\" href=\"https:\/\/bda.org\" target=\"_blank\" rel=\"noopener\"> Britse<\/a> en <a title=\"Griekse Tandartsenverenigingen\" href=\"https:\/\/eoo.gr\" target=\"_blank\" rel=\"noopener\">Griekse Tandartsenverenigingen<\/a>anderzijds. Bovendien werken we samen met een gerenommeerd tandheelkundig laboratorium, dat een gecertificeerd lid is van de Straumann Lab Academy en het enige tandlabo in Griekenland met een ISO 9001 certificatie.<\/p>\n<h2>Gemakkelijk bereikbaar<\/h2>\n<p>De Gentle Dental Clinic Crete bevindt zich in Chersonissos, een centraal gelegen kustplaats op <a title=\"Kreta\" href=\"https:\/\/www.gentledentalabroad.com\/nl\/dental-reizen-kreta\/\">Kreta<\/a>, het meest populaire eiland van Griekenland. In de streek is er een gevarieerde keuze aan hotels en bed &amp; breakfast voor elk budget. Onze tandkliniek is gemakkelijk bereikbaar te voet, als u in Chersonissos verblijft, ofwel met de regelmatige lijnbus vanuit Malia, Stalida en Heraklion.<\/p>\n<div style=\"width: 0; height: 0; visibility: hidden; opacity: 0; position: absolute;\"><object id=\"kpm_plugin\" type=\"application\/x-KPMPlugin\" width=\"300\" height=\"150\"><\/object><\/div>\n","protected":false},"excerpt":{"rendered":"<p>Wij luisteren naar uw behoeften In de Gentle Dental Clinic van Kreta werken wij niet alleen v\u00f3\u00f3r u, maar vooral m\u00e9t u. Ons team van vriendelijke professionals zal op uw wensen ingaan en uw eventuele angstgevoelens wegnemen. We zullen u alle relevante opties voorstellen en die rustig met u doornemen opdat u tot de beste oplossing komt naargelang van uw behoeften en budget. Leun achterover en Relax In de ontspannende en comfortabele ruimten van onze tandkliniek, zullen we alle stappen van de behandeling met u bespreken en in detail antwoorden op uw vragen. We doen ons uiterste best om eventuele terughoudendheid bij u te verlichten en u prettig te laten voelen. De gemiddelde tandartsafspraak in Nederland duurt circa 20 minuten, maar in onze kliniek gemiddeld 45 minuten omdat wij extra tijd besteden aan pati\u00ebntenzorg en aan uw gevoel van optimaal gemak en comfort. [optin-cat id=3520] Hoge normen Onze tandkliniek is ondergebracht in een nieuw gebouw met modern en stijlvol interieur. We gebruiken geavanceerde apparatuur en volgen alle technologische en wetenschappelijke ontwikkelingen in ons vakgebied op de voet. Onze kliniek wordt geleid volgens de praktijknormen als afgekondigd door de UK General Dental Council, enerzijds en de Britse en Griekse Tandartsenverenigingenanderzijds. Bovendien werken we samen met een gerenommeerd tandheelkundig laboratorium, dat een gecertificeerd lid is van de Straumann Lab Academy en het enige tandlabo in Griekenland met een ISO 9001 certificatie. Gemakkelijk bereikbaar De Gentle Dental Clinic Crete bevindt zich in Chersonissos, een centraal gelegen kustplaats op Kreta, het meest populaire eiland van Griekenland. In de streek is er een gevarieerde keuze aan hotels en bed &amp; breakfast voor elk budget. Onze tandkliniek is gemakkelijk bereikbaar te voet, als u in Chersonissos verblijft, ofwel met de regelmatige lijnbus vanuit Malia, Stalida en Heraklion.<\/p>\n","protected":false},"author":2,"featured_media":0,"parent":0,"menu_order":1,"comment_status":"closed","ping_status":"closed","template":"","meta":{"footnotes":""},"class_list":["post-909","page","type-page","status-publish","hentry"],"_links":{"self":[{"href":"https:\/\/www.gentledentalabroad.com\/nl\/wp-json\/wp\/v2\/pages\/909","targetHints":{"allow":["GET"]}}],"collection":[{"href":"https:\/\/www.gentledentalabroad.com\/nl\/wp-json\/wp\/v2\/pages"}],"about":[{"href":"https:\/\/www.gentledentalabroad.com\/nl\/wp-json\/wp\/v2\/types\/page"}],"author":[{"embeddable":true,"href":"https:\/\/www.gentledentalabroad.com\/nl\/wp-json\/wp\/v2\/users\/2"}],"replies":[{"embeddable":true,"href":"https:\/\/www.gentledentalabroad.com\/nl\/wp-json\/wp\/v2\/comments?post=909"}],"version-history":[{"count":0,"href":"https:\/\/www.gentledentalabroad.com\/nl\/wp-json\/wp\/v2\/pages\/909\/revisions"}],"wp:attachment":[{"href":"https:\/\/www.gentledentalabroad.com\/nl\/wp-json\/wp\/v2\/media?parent=909"}],"curies":[{"name":"wp","href":"https:\/\/api.w.org\/{rel}","templated":true}]}}