{"id":916,"date":"2014-03-24T13:13:23","date_gmt":"2014-03-24T11:13:23","guid":{"rendered":"https:\/\/www.gentledentalabroad.com\/?page_id=916"},"modified":"2021-02-26T13:50:00","modified_gmt":"2021-02-26T11:50:00","slug":"tandimplantaten-buitenland-kreta","status":"publish","type":"page","link":"https:\/\/www.gentledentalabroad.com\/nl\/tandimplantaten-buitenland-kreta\/","title":{"rendered":"Tandimplantaten in het buitenland"},"content":{"rendered":"<div id=\"attachment_1299\" style=\"width: 160px\" class=\"wp-caption alignright\"><a href=\"https:\/\/www.gentledentalabroad.com\/wp-content\/uploads\/2014\/03\/implantaat_kosten_kroon.jpg\"><img loading=\"lazy\" decoding=\"async\" aria-describedby=\"caption-attachment-1299\" class=\"size-full wp-image-1591\" src=\"https:\/\/www.gentledentalabroad.com\/wp-content\/uploads\/2014\/03\/implantaat_kosten_kroon.jpg\" alt=\"implantaten turkije, implantaten turkije prijzen,tandheelkunde buitenland, implantaat turkije, turkse tandartsen, tandimplantaten turkije,ervaringen implantaten, esthetische tandheelkunde, implant, tand implantaat kies\" width=\"150\" height=\"150\" \/><\/a><p id=\"caption-attachment-1299\" class=\"wp-caption-text\">2 implantaten en 3 kronen<\/p><\/div>\n<p>Het dagelijks leven wordt een stuk moeilijker als ontbrekende tanden het kauwen en spreken bemoeilijken. Dankzij tandimplantaten krijgt u weer een volle glimlach en meer zelfvertrouwen.<\/p>\n<p>Tandimplantaten worden gebruikt ter vervanging van de tandwortel. Ze zijn gemaakt van titanium en worden onafhankelijk van elkaar verankerd &#8211; net als onze natuurlijke tanden &#8211; in een holte in het kaakbot. Titanium is een metaal dat biocompatibel, sterk en duurzaam is en de unieke eigenschap heeft om rechtstreeks in het bot in te groeien. Tandimplantaten gedragen zich dus net als natuurlijke tanden. De implantaten bestaan doorgaans uit drie delen: het implantaat z\u00e9lf dat de tandwortel vervangt, het \u201cdopje\u201d (abutment) dat er bovenop wordt geplaatst en dat het implantaat verbindt met het derde deel, te weten de kroon of prothese. Voor de levering van onze implantaten vertrouwen wij op implantaatsystemen met bewezen succes, namelijk de merken Straumann, Xive en Alpha Bio. Al deze implantaatsystemen zijn bewezen kwaliteitsproducten die al jarenlang proefondervindelijk getest worden.<\/p>\n<p><a href=\"https:\/\/www.gentledentalabroad.com\/wp-content\/uploads\/2013\/06\/1125071571.jpg\"><img loading=\"lazy\" decoding=\"async\" class=\"alignnone size-full wp-image-1528\" src=\"https:\/\/www.gentledentalabroad.com\/wp-content\/uploads\/2013\/06\/1125071571.jpg\" alt=\"Dental Implant\" width=\"999\" height=\"375\" srcset=\"https:\/\/www.gentledentalabroad.com\/wp-content\/uploads\/2013\/06\/1125071571.jpg 999w, https:\/\/www.gentledentalabroad.com\/wp-content\/uploads\/2013\/06\/1125071571-300x112.jpg 300w\" sizes=\"auto, (max-width: 999px) 100vw, 999px\" \/><\/a><\/p>\n<h2>Het complete behandelingsproces<\/h2>\n<p>Voor het plaatsen van tandimplantaten zijn er 2 bezoeken aan onze kliniek vereist. Tijdens uw eerste bezoek, dat tussen de 3 tot 5 dagen zal duren, beginnen we met een kosteloos intake-consult, waarbij u een ontmoeting hebt met onze tandartsen en wij uw behandelplan vastleggen. Vervolgens wordt het implantaat geplaatst met daarop een tijdelijke kroon. De gemiddelde inhelingsperiode duurt 4 maanden, maar kan bij sommigen ook 6 tot 8 maanden in beslag nemen. Een succesvol botherstel is vast te stellen aan de hand van een panoramische r\u00f6ntgenfoto (orthopantomogram). In dit stadium kunnen wij uw tweede bezoekperiode vastleggen, die tussen \u00e9\u00e9n tot twee weken zal duren. In die periode zal de tandarts de permanente kronen of bruggen aanbrengen.<\/p>\n<p>En uw stralend nieuwe glimlach is een feit!<\/p>\n<h2>Implantaten: voor wie geschikt?<\/h2>\n<p>Niet alle pati\u00ebnten komen in aanmerking voor het plaatsen van een tandimplantaat. Geschiktheid hangt af van ieders anamnese en van de toestand van tanden of tandvlees. In sommige gevallen zullen we eerst mondchirurgie moeten uitvoeren, zoals een sinus-lift of botvervanging, om daarna te kunnen overgaan tot het plaatsen van een implantaat. Uiteraard duurt de herstelperiode in deze gevallen meestal langer.<br \/>\n<!-- Facebook Conversion Code for conversionpixel web page vews --><\/p>\n<h2>\u00a0Leed meer :\u00a0<a href=\"https:\/\/www.gentledentalabroad.com\/nl\/10-redenen-implantaten-buitenland-griekenland\/\" target=\"_blank\" rel=\"noopener\">10 Redenen om te kiezen voor tandimplantaten in Griekenland<\/a><\/h2>\n<hr \/>\n<h2>Voordelen van Tandimplantaten<\/h2>\n<ul>\n<li>Een permanente en comfortabele oplossing voor ontbrekende tanden. De pati\u00ebnt krijgt een nieuwe glimlach en het kauwen vormt niet langer een probleem.<\/li>\n<li>Naburige tanden blijven gezond en er is geen risico op slinken van de kaakwal, een fenomeen dat voorkomt wanneer er tanden ontbreken.<\/li>\n<li>Een esthetisch perfecte oplossing; Het verschil met de natuurlijke tanden is niet te merken.<\/li>\n<\/ul>\n<h2><\/h2>\n<h2>Nadelen van Tandimplantaten<\/h2>\n<ul>\n<li>Kostbare oplossing.<\/li>\n<li>Er zijn twee reizen vereist met een tussenliggende wachttijd van vier tot zes maanden.<\/li>\n<li>Niet geschikt voor alle pati\u00ebnten.<\/li>\n<\/ul>\n<p><script type=\"text\/javascript\">\/\/ <![CDATA[ var fb_param = {}; fb_param.pixel_id = '6016648074835'; fb_param.value = '0.00'; fb_param.currency = 'EUR'; (function(){ var fpw = document.createElement('script'); fpw.async = true; fpw.src = '\/\/connect.facebook.net\/en_US\/fp.js'; var ref = document.getElementsByTagName('script')[0]; ref.parentNode.insertBefore(fpw, ref); })(); \/\/ ]]><\/script><\/p>\n<p><noscript><img loading=\"lazy\" decoding=\"async\" height=\"1\" width=\"1\" alt=\"\" style=\"display:none\" src=\"https:\/\/www.facebook.com\/offsite_event.php?id=6016648074835&#038;value=0&#038;currency=EUR\"><\/noscript><\/p>\n","protected":false},"excerpt":{"rendered":"<p>Het dagelijks leven wordt een stuk moeilijker als ontbrekende tanden het kauwen en spreken bemoeilijken. Dankzij tandimplantaten krijgt u weer een volle glimlach en meer zelfvertrouwen. Tandimplantaten worden gebruikt ter vervanging van de tandwortel. Ze zijn gemaakt van titanium en worden onafhankelijk van elkaar verankerd &#8211; net als onze natuurlijke tanden &#8211; in een holte in het kaakbot. Titanium is een metaal dat biocompatibel, sterk en duurzaam is en de unieke eigenschap heeft om rechtstreeks in het bot in te groeien. Tandimplantaten gedragen zich dus net als natuurlijke tanden. De implantaten bestaan doorgaans uit drie delen: het implantaat z\u00e9lf dat de tandwortel vervangt, het \u201cdopje\u201d (abutment) dat er bovenop wordt geplaatst en dat het implantaat verbindt met het derde deel, te weten de kroon of prothese. Voor de levering van onze implantaten vertrouwen wij op implantaatsystemen met bewezen succes, namelijk de merken Straumann, Xive en Alpha Bio. Al deze implantaatsystemen zijn bewezen kwaliteitsproducten die al jarenlang proefondervindelijk getest worden. Het complete behandelingsproces Voor het plaatsen van tandimplantaten zijn er 2 bezoeken aan onze kliniek vereist. Tijdens uw eerste bezoek, dat tussen de 3 tot 5 dagen zal duren, beginnen we met een kosteloos intake-consult, waarbij u een ontmoeting hebt met onze tandartsen en wij uw behandelplan vastleggen. Vervolgens wordt het implantaat geplaatst met daarop een tijdelijke kroon. De gemiddelde inhelingsperiode duurt 4 maanden, maar kan bij sommigen ook 6 tot 8 maanden in beslag nemen. Een succesvol botherstel is vast te stellen aan de hand van een panoramische r\u00f6ntgenfoto (orthopantomogram). In dit stadium kunnen wij uw tweede bezoekperiode vastleggen, die tussen \u00e9\u00e9n tot twee weken zal duren. In die periode zal de tandarts de permanente kronen of bruggen aanbrengen. En uw stralend nieuwe glimlach is een feit! Implantaten: voor wie geschikt? Niet alle pati\u00ebnten komen in aanmerking voor het plaatsen van een tandimplantaat. Geschiktheid hangt af van ieders anamnese en van de toestand van tanden of tandvlees. In sommige gevallen zullen we eerst mondchirurgie moeten uitvoeren, zoals een sinus-lift of botvervanging, om daarna te kunnen overgaan tot het plaatsen van een implantaat. Uiteraard duurt de herstelperiode in deze gevallen meestal langer. \u00a0Leed meer :\u00a010 Redenen om te kiezen voor tandimplantaten in Griekenland Voordelen van Tandimplantaten Een permanente en comfortabele oplossing voor ontbrekende tanden. De pati\u00ebnt krijgt een nieuwe glimlach en het kauwen vormt niet langer een probleem. Naburige tanden blijven gezond en er is geen risico op slinken van de kaakwal, een fenomeen dat voorkomt wanneer er tanden ontbreken. Een esthetisch perfecte oplossing; Het verschil met de natuurlijke tanden is niet te merken. Nadelen van Tandimplantaten Kostbare oplossing. Er zijn twee reizen vereist met een tussenliggende wachttijd van vier tot zes maanden. Niet geschikt voor alle pati\u00ebnten.<\/p>\n","protected":false},"author":2,"featured_media":0,"parent":0,"menu_order":1,"comment_status":"open","ping_status":"closed","template":"","meta":{"footnotes":""},"class_list":["post-916","page","type-page","status-publish","hentry"],"_links":{"self":[{"href":"https:\/\/www.gentledentalabroad.com\/nl\/wp-json\/wp\/v2\/pages\/916","targetHints":{"allow":["GET"]}}],"collection":[{"href":"https:\/\/www.gentledentalabroad.com\/nl\/wp-json\/wp\/v2\/pages"}],"about":[{"href":"https:\/\/www.gentledentalabroad.com\/nl\/wp-json\/wp\/v2\/types\/page"}],"author":[{"embeddable":true,"href":"https:\/\/www.gentledentalabroad.com\/nl\/wp-json\/wp\/v2\/users\/2"}],"replies":[{"embeddable":true,"href":"https:\/\/www.gentledentalabroad.com\/nl\/wp-json\/wp\/v2\/comments?post=916"}],"version-history":[{"count":1,"href":"https:\/\/www.gentledentalabroad.com\/nl\/wp-json\/wp\/v2\/pages\/916\/revisions"}],"predecessor-version":[{"id":4298,"href":"https:\/\/www.gentledentalabroad.com\/nl\/wp-json\/wp\/v2\/pages\/916\/revisions\/4298"}],"wp:attachment":[{"href":"https:\/\/www.gentledentalabroad.com\/nl\/wp-json\/wp\/v2\/media?parent=916"}],"curies":[{"name":"wp","href":"https:\/\/api.w.org\/{rel}","templated":true}]}}